{"id":18756,"date":"2025-05-06T10:11:05","date_gmt":"2025-05-06T08:11:05","guid":{"rendered":"https:\/\/mysmartobject.com\/?post_type=product&#038;p=18756"},"modified":"2025-05-06T11:19:47","modified_gmt":"2025-05-06T09:19:47","slug":"turo-12-mois-supplementaires","status":"publish","type":"product","link":"https:\/\/mysmartobject.com\/en\/product\/turo-12-mois-supplementaires\/","title":{"rendered":"Turo &#8211; 12 mois suppl\u00e9mentaires"},"content":{"rendered":"","protected":false},"excerpt":{"rendered":"","protected":false},"featured_media":18721,"template":"","meta":{"_acf_changed":false,"content-type":"","site-sidebar-layout":"default","site-content-layout":"","ast-site-content-layout":"default","site-content-style":"default","site-sidebar-style":"default","ast-global-header-display":"","ast-banner-title-visibility":"","ast-main-header-display":"","ast-hfb-above-header-display":"","ast-hfb-below-header-display":"","ast-hfb-mobile-header-display":"","site-post-title":"","ast-breadcrumbs-content":"","ast-featured-img":"","footer-sml-layout":"","theme-transparent-header-meta":"default","adv-header-id-meta":"","stick-header-meta":"","header-above-stick-meta":"","header-main-stick-meta":"","header-below-stick-meta":"","astra-migrate-meta-layouts":"set","ast-page-background-enabled":"default","ast-page-background-meta":{"desktop":{"background-color":"var(--ast-global-color-4)","background-image":"","background-repeat":"repeat","background-position":"center center","background-size":"auto","background-attachment":"scroll","background-type":"","background-media":"","overlay-type":"","overlay-color":"","overlay-opacity":"","overlay-gradient":""},"tablet":{"background-color":"","background-image":"","background-repeat":"repeat","background-position":"center center","background-size":"auto","background-attachment":"scroll","background-type":"","background-media":"","overlay-type":"","overlay-color":"","overlay-opacity":"","overlay-gradient":""},"mobile":{"background-color":"","background-image":"","background-repeat":"repeat","background-position":"center center","background-size":"auto","background-attachment":"scroll","background-type":"","background-media":"","overlay-type":"","overlay-color":"","overlay-opacity":"","overlay-gradient":""}},"ast-content-background-meta":{"desktop":{"background-color":"var(--ast-global-color-5)","background-image":"","background-repeat":"repeat","background-position":"center center","background-size":"auto","background-attachment":"scroll","background-type":"","background-media":"","overlay-type":"","overlay-color":"","overlay-opacity":"","overlay-gradient":""},"tablet":{"background-color":"var(--ast-global-color-5)","background-image":"","background-repeat":"repeat","background-position":"center center","background-size":"auto","background-attachment":"scroll","background-type":"","background-media":"","overlay-type":"","overlay-color":"","overlay-opacity":"","overlay-gradient":""},"mobile":{"background-color":"var(--ast-global-color-5)","background-image":"","background-repeat":"repeat","background-position":"center center","background-size":"auto","background-attachment":"scroll","background-type":"","background-media":"","overlay-type":"","overlay-color":"","overlay-opacity":"","overlay-gradient":""}}},"product_brand":[],"product_cat":[15],"product_tag":[],"class_list":{"0":"post-18756","1":"product","2":"type-product","3":"status-publish","4":"has-post-thumbnail","6":"product_cat-uncategorized","7":"desktop-align-left","8":"tablet-align-left","9":"mobile-align-left","11":"first","12":"instock","13":"sale","14":"virtual","15":"taxable","16":"purchasable","17":"product-type-simple"},"acf":[],"yoast_head":"<!-- This site is optimized with the Yoast SEO plugin v26.9 - https:\/\/yoast.com\/product\/yoast-seo-wordpress\/ -->\n<title>Turo - 12 mois suppl\u00e9mentaires - MySmartObject<\/title>\n<meta name=\"robots\" content=\"index, follow, max-snippet:-1, max-image-preview:large, max-video-preview:-1\" \/>\n<link rel=\"canonical\" href=\"https:\/\/mysmartobject.com\/en\/product\/turo-12-mois-supplementaires\/\" \/>\n<meta property=\"og:locale\" content=\"en_US\" \/>\n<meta property=\"og:type\" content=\"article\" \/>\n<meta property=\"og:title\" content=\"Turo - 12 mois suppl\u00e9mentaires - MySmartObject\" \/>\n<meta property=\"og:url\" content=\"https:\/\/mysmartobject.com\/en\/product\/turo-12-mois-supplementaires\/\" \/>\n<meta property=\"og:site_name\" content=\"MySmartObject\" \/>\n<meta property=\"article:modified_time\" content=\"2025-05-06T09:19:47+00:00\" \/>\n<meta property=\"og:image\" content=\"https:\/\/mysmartobject.com\/wp-content\/uploads\/frame-voiture.png\" \/>\n\t<meta property=\"og:image:width\" content=\"1218\" \/>\n\t<meta property=\"og:image:height\" content=\"1083\" \/>\n\t<meta property=\"og:image:type\" content=\"image\/png\" \/>\n<meta name=\"twitter:card\" content=\"summary_large_image\" \/>\n<meta name=\"twitter:label1\" content=\"Est. reading time\" \/>\n\t<meta name=\"twitter:data1\" content=\"1 minute\" \/>\n<script type=\"application\/ld+json\" class=\"yoast-schema-graph\">{\"@context\":\"https:\/\/schema.org\",\"@graph\":[{\"@type\":\"WebPage\",\"@id\":\"https:\/\/mysmartobject.com\/en\/product\/turo-12-mois-supplementaires\/\",\"url\":\"https:\/\/mysmartobject.com\/en\/product\/turo-12-mois-supplementaires\/\",\"name\":\"Turo - 12 mois suppl\u00e9mentaires - MySmartObject\",\"isPartOf\":{\"@id\":\"https:\/\/mysmartobject.com\/en\/#website\"},\"primaryImageOfPage\":{\"@id\":\"https:\/\/mysmartobject.com\/en\/product\/turo-12-mois-supplementaires\/#primaryimage\"},\"image\":{\"@id\":\"https:\/\/mysmartobject.com\/en\/product\/turo-12-mois-supplementaires\/#primaryimage\"},\"thumbnailUrl\":\"https:\/\/mysmartobject.com\/wp-content\/uploads\/frame-voiture.png\",\"datePublished\":\"2025-05-06T08:11:05+00:00\",\"dateModified\":\"2025-05-06T09:19:47+00:00\",\"breadcrumb\":{\"@id\":\"https:\/\/mysmartobject.com\/en\/product\/turo-12-mois-supplementaires\/#breadcrumb\"},\"inLanguage\":\"en-US\",\"potentialAction\":[{\"@type\":\"ReadAction\",\"target\":[\"https:\/\/mysmartobject.com\/en\/product\/turo-12-mois-supplementaires\/\"]}]},{\"@type\":\"ImageObject\",\"inLanguage\":\"en-US\",\"@id\":\"https:\/\/mysmartobject.com\/en\/product\/turo-12-mois-supplementaires\/#primaryimage\",\"url\":\"https:\/\/mysmartobject.com\/wp-content\/uploads\/frame-voiture.png\",\"contentUrl\":\"https:\/\/mysmartobject.com\/wp-content\/uploads\/frame-voiture.png\",\"width\":1218,\"height\":1083,\"caption\":\"Application mobile\"},{\"@type\":\"BreadcrumbList\",\"@id\":\"https:\/\/mysmartobject.com\/en\/product\/turo-12-mois-supplementaires\/#breadcrumb\",\"itemListElement\":[{\"@type\":\"ListItem\",\"position\":1,\"name\":\"Accueil\",\"item\":\"https:\/\/mysmartobject.com\/en\/\"},{\"@type\":\"ListItem\",\"position\":2,\"name\":\"Shop\",\"item\":\"https:\/\/mysmartobject.com\/?page_id=6\"},{\"@type\":\"ListItem\",\"position\":3,\"name\":\"Uncategorized\",\"item\":\"https:\/\/mysmartobject.com\/en\/product-category\/uncategorized\/\"},{\"@type\":\"ListItem\",\"position\":4,\"name\":\"Turo &#8211; 12 mois suppl\u00e9mentaires\"}]},{\"@type\":\"WebSite\",\"@id\":\"https:\/\/mysmartobject.com\/en\/#website\",\"url\":\"https:\/\/mysmartobject.com\/en\/\",\"name\":\"MySmartObject\",\"description\":\"Leader en S\u00e9curit\u00e9 et Tra\u00e7abilit\u00e9 V\u00e9hiculaire\",\"publisher\":{\"@id\":\"https:\/\/mysmartobject.com\/en\/#organization\"},\"alternateName\":\"MSO\",\"potentialAction\":[{\"@type\":\"SearchAction\",\"target\":{\"@type\":\"EntryPoint\",\"urlTemplate\":\"https:\/\/mysmartobject.com\/en\/?s={search_term_string}\"},\"query-input\":{\"@type\":\"PropertyValueSpecification\",\"valueRequired\":true,\"valueName\":\"search_term_string\"}}],\"inLanguage\":\"en-US\"},{\"@type\":\"Organization\",\"@id\":\"https:\/\/mysmartobject.com\/en\/#organization\",\"name\":\"MySmartObject\",\"alternateName\":\"MSO\",\"url\":\"https:\/\/mysmartobject.com\/en\/\",\"logo\":{\"@type\":\"ImageObject\",\"inLanguage\":\"en-US\",\"@id\":\"https:\/\/mysmartobject.com\/en\/#\/schema\/logo\/image\/\",\"url\":\"https:\/\/mysmartobject.com\/wp-content\/uploads\/Logo_MSO_Black_white_bg_300_ppi.png\",\"contentUrl\":\"https:\/\/mysmartobject.com\/wp-content\/uploads\/Logo_MSO_Black_white_bg_300_ppi.png\",\"width\":301,\"height\":301,\"caption\":\"MySmartObject\"},\"image\":{\"@id\":\"https:\/\/mysmartobject.com\/en\/#\/schema\/logo\/image\/\"}}]}<\/script>\n<!-- \/ Yoast SEO plugin. -->","yoast_head_json":{"title":"Turo - 12 mois suppl\u00e9mentaires - MySmartObject","robots":{"index":"index","follow":"follow","max-snippet":"max-snippet:-1","max-image-preview":"max-image-preview:large","max-video-preview":"max-video-preview:-1"},"canonical":"https:\/\/mysmartobject.com\/en\/product\/turo-12-mois-supplementaires\/","og_locale":"en_US","og_type":"article","og_title":"Turo - 12 mois suppl\u00e9mentaires - MySmartObject","og_url":"https:\/\/mysmartobject.com\/en\/product\/turo-12-mois-supplementaires\/","og_site_name":"MySmartObject","article_modified_time":"2025-05-06T09:19:47+00:00","og_image":[{"width":1218,"height":1083,"url":"https:\/\/mysmartobject.com\/wp-content\/uploads\/frame-voiture.png","type":"image\/png"}],"twitter_card":"summary_large_image","twitter_misc":{"Est. reading time":"1 minute"},"schema":{"@context":"https:\/\/schema.org","@graph":[{"@type":"WebPage","@id":"https:\/\/mysmartobject.com\/en\/product\/turo-12-mois-supplementaires\/","url":"https:\/\/mysmartobject.com\/en\/product\/turo-12-mois-supplementaires\/","name":"Turo - 12 mois suppl\u00e9mentaires - MySmartObject","isPartOf":{"@id":"https:\/\/mysmartobject.com\/en\/#website"},"primaryImageOfPage":{"@id":"https:\/\/mysmartobject.com\/en\/product\/turo-12-mois-supplementaires\/#primaryimage"},"image":{"@id":"https:\/\/mysmartobject.com\/en\/product\/turo-12-mois-supplementaires\/#primaryimage"},"thumbnailUrl":"https:\/\/mysmartobject.com\/wp-content\/uploads\/frame-voiture.png","datePublished":"2025-05-06T08:11:05+00:00","dateModified":"2025-05-06T09:19:47+00:00","breadcrumb":{"@id":"https:\/\/mysmartobject.com\/en\/product\/turo-12-mois-supplementaires\/#breadcrumb"},"inLanguage":"en-US","potentialAction":[{"@type":"ReadAction","target":["https:\/\/mysmartobject.com\/en\/product\/turo-12-mois-supplementaires\/"]}]},{"@type":"ImageObject","inLanguage":"en-US","@id":"https:\/\/mysmartobject.com\/en\/product\/turo-12-mois-supplementaires\/#primaryimage","url":"https:\/\/mysmartobject.com\/wp-content\/uploads\/frame-voiture.png","contentUrl":"https:\/\/mysmartobject.com\/wp-content\/uploads\/frame-voiture.png","width":1218,"height":1083,"caption":"Application mobile"},{"@type":"BreadcrumbList","@id":"https:\/\/mysmartobject.com\/en\/product\/turo-12-mois-supplementaires\/#breadcrumb","itemListElement":[{"@type":"ListItem","position":1,"name":"Accueil","item":"https:\/\/mysmartobject.com\/en\/"},{"@type":"ListItem","position":2,"name":"Shop","item":"https:\/\/mysmartobject.com\/?page_id=6"},{"@type":"ListItem","position":3,"name":"Uncategorized","item":"https:\/\/mysmartobject.com\/en\/product-category\/uncategorized\/"},{"@type":"ListItem","position":4,"name":"Turo &#8211; 12 mois suppl\u00e9mentaires"}]},{"@type":"WebSite","@id":"https:\/\/mysmartobject.com\/en\/#website","url":"https:\/\/mysmartobject.com\/en\/","name":"MySmartObject","description":"Leader en S\u00e9curit\u00e9 et Tra\u00e7abilit\u00e9 V\u00e9hiculaire","publisher":{"@id":"https:\/\/mysmartobject.com\/en\/#organization"},"alternateName":"MSO","potentialAction":[{"@type":"SearchAction","target":{"@type":"EntryPoint","urlTemplate":"https:\/\/mysmartobject.com\/en\/?s={search_term_string}"},"query-input":{"@type":"PropertyValueSpecification","valueRequired":true,"valueName":"search_term_string"}}],"inLanguage":"en-US"},{"@type":"Organization","@id":"https:\/\/mysmartobject.com\/en\/#organization","name":"MySmartObject","alternateName":"MSO","url":"https:\/\/mysmartobject.com\/en\/","logo":{"@type":"ImageObject","inLanguage":"en-US","@id":"https:\/\/mysmartobject.com\/en\/#\/schema\/logo\/image\/","url":"https:\/\/mysmartobject.com\/wp-content\/uploads\/Logo_MSO_Black_white_bg_300_ppi.png","contentUrl":"https:\/\/mysmartobject.com\/wp-content\/uploads\/Logo_MSO_Black_white_bg_300_ppi.png","width":301,"height":301,"caption":"MySmartObject"},"image":{"@id":"https:\/\/mysmartobject.com\/en\/#\/schema\/logo\/image\/"}}]}},"_links":{"self":[{"href":"https:\/\/mysmartobject.com\/en\/wp-json\/wp\/v2\/product\/18756","targetHints":{"allow":["GET"]}}],"collection":[{"href":"https:\/\/mysmartobject.com\/en\/wp-json\/wp\/v2\/product"}],"about":[{"href":"https:\/\/mysmartobject.com\/en\/wp-json\/wp\/v2\/types\/product"}],"version-history":[{"count":2,"href":"https:\/\/mysmartobject.com\/en\/wp-json\/wp\/v2\/product\/18756\/revisions"}],"predecessor-version":[{"id":18832,"href":"https:\/\/mysmartobject.com\/en\/wp-json\/wp\/v2\/product\/18756\/revisions\/18832"}],"wp:featuredmedia":[{"embeddable":true,"href":"https:\/\/mysmartobject.com\/en\/wp-json\/wp\/v2\/media\/18721"}],"wp:attachment":[{"href":"https:\/\/mysmartobject.com\/en\/wp-json\/wp\/v2\/media?parent=18756"}],"wp:term":[{"taxonomy":"product_brand","embeddable":true,"href":"https:\/\/mysmartobject.com\/en\/wp-json\/wp\/v2\/product_brand?post=18756"},{"taxonomy":"product_cat","embeddable":true,"href":"https:\/\/mysmartobject.com\/en\/wp-json\/wp\/v2\/product_cat?post=18756"},{"taxonomy":"product_tag","embeddable":true,"href":"https:\/\/mysmartobject.com\/en\/wp-json\/wp\/v2\/product_tag?post=18756"}],"curies":[{"name":"wp","href":"https:\/\/api.w.org\/{rel}","templated":true}]}}