{"id":8270,"date":"2023-11-21T17:44:05","date_gmt":"2023-11-21T16:44:05","guid":{"rendered":"https:\/\/mysmartobject.com\/contactez-nous\/"},"modified":"2024-02-21T17:50:37","modified_gmt":"2024-02-21T16:50:37","slug":"contactez-nous","status":"publish","type":"page","link":"https:\/\/mysmartobject.com\/en\/contactez-nous\/","title":{"rendered":"Contact Us"},"content":{"rendered":"\t\t<div data-elementor-type=\"wp-page\" data-elementor-id=\"8270\" class=\"elementor elementor-8270 elementor-63\" data-elementor-post-type=\"page\">\n\t\t\t\t<div class=\"elementor-element elementor-element-420fc224 e-flex e-con-boxed e-con e-parent\" data-id=\"420fc224\" data-element_type=\"container\" data-e-type=\"container\" data-settings=\"{&quot;background_background&quot;:&quot;classic&quot;}\">\n\t\t\t\t\t<div class=\"e-con-inner\">\n\t\t<div class=\"elementor-element elementor-element-a83767e e-flex e-con-boxed e-con e-child\" data-id=\"a83767e\" data-element_type=\"container\" data-e-type=\"container\">\n\t\t\t\t\t<div class=\"e-con-inner\">\n\t\t<div class=\"elementor-element elementor-element-5398ad90 e-flex e-con-boxed e-con e-child\" data-id=\"5398ad90\" data-element_type=\"container\" data-e-type=\"container\">\n\t\t\t\t\t<div class=\"e-con-inner\">\n\t\t\t\t<div class=\"elementor-element elementor-element-47181719 elementor-widget elementor-widget-heading\" data-id=\"47181719\" data-element_type=\"widget\" data-e-type=\"widget\" data-widget_type=\"heading.default\">\n\t\t\t\t<div class=\"elementor-widget-container\">\n\t\t\t\t\t<h2 class=\"elementor-heading-title elementor-size-default\">Let's Work Together<\/h2>\t\t\t\t<\/div>\n\t\t\t\t<\/div>\n\t\t\t\t<div class=\"elementor-element elementor-element-3ae82b1b elementor-widget elementor-widget-heading\" data-id=\"3ae82b1b\" data-element_type=\"widget\" data-e-type=\"widget\" data-widget_type=\"heading.default\">\n\t\t\t\t<div class=\"elementor-widget-container\">\n\t\t\t\t\t<h3 class=\"elementor-heading-title elementor-size-default\">Contact us and receive a response within a few hours.<\/h3>\t\t\t\t<\/div>\n\t\t\t\t<\/div>\n\t\t\t\t\t<\/div>\n\t\t\t\t<\/div>\n\t\t<div class=\"elementor-element elementor-element-5cf72dbb e-flex e-con-boxed e-con e-child\" data-id=\"5cf72dbb\" data-element_type=\"container\" data-e-type=\"container\">\n\t\t\t\t\t<div class=\"e-con-inner\">\n\t\t\t\t<div class=\"elementor-element elementor-element-c500449 elementor-widget elementor-widget-wpforms\" data-id=\"c500449\" data-element_type=\"widget\" data-e-type=\"widget\" data-widget_type=\"wpforms.default\">\n\t\t\t\t<div class=\"elementor-widget-container\">\n\t\t\t\t\t<style id=\"wpforms-css-vars-elementor-widget-c500449\">\n\t\t\t\t.elementor-widget-wpforms.elementor-element-c500449 {\n\t\t\t\t--wpforms-field-border-color: #000000;\n--wpforms-field-border-color-spare: #000000;\n--wpforms-field-text-color: #373C55;\n--wpforms-label-color: #000000;\n--wpforms-label-sublabel-color: #000000;\n--wpforms-button-border-radius: 50px;\n--wpforms-button-background-color: #1B31B1;\n--wpforms-field-border-radius: 8px;\n--wpforms-field-background-color: #E5E6E6;\n\t\t\t}\n\t\t\t<\/style><div class=\"wpforms-container wpforms-container-full wpforms-container-save-resume wpforms-render-modern\" id=\"wpforms-171\"><form id=\"wpforms-form-171\" class=\"wpforms-validate wpforms-form wpforms-ajax-form\" data-formid=\"171\" method=\"post\" enctype=\"multipart\/form-data\" action=\"\/en\/wp-json\/wp\/v2\/pages\/8270\" data-token=\"7eb12c429ab8a199a73c680631bb6b59\" data-token-time=\"1777222919\"><noscript class=\"wpforms-error-noscript\">Please enable JavaScript in your browser to complete this form.<\/noscript><div id=\"wpforms-error-noscript\" style=\"display: none;\">Please enable JavaScript in your browser to complete this form.<\/div><div class=\"wpforms-field-container\"><div id=\"wpforms-171-field_11-container\" class=\"wpforms-field wpforms-field-layout\" data-field-id=\"11\"><div class=\"wpforms-field-layout-rows wpforms-field-large\"><div class=\"wpforms-layout-row\"><div class=\"wpforms-layout-column wpforms-layout-column-50\"><div id=\"wpforms-171-field_12-container\" class=\"wpforms-field wpforms-field-text\" data-field-id=\"12\"><label class=\"wpforms-field-label\" for=\"wpforms-171-field_12\">Pr\u00e9nom <span class=\"wpforms-required-label\" aria-hidden=\"true\">*<\/span><\/label><input type=\"text\" id=\"wpforms-171-field_12\" class=\"wpforms-field-medium wpforms-field-required\" name=\"wpforms[fields][12]\" aria-errormessage=\"wpforms-171-field_12-error\" required><\/div><\/div><div class=\"wpforms-layout-column wpforms-layout-column-50\"><div id=\"wpforms-171-field_13-container\" class=\"wpforms-field wpforms-field-text\" data-field-id=\"13\"><label class=\"wpforms-field-label\" for=\"wpforms-171-field_13\">Nom <span class=\"wpforms-required-label\" aria-hidden=\"true\">*<\/span><\/label><input type=\"text\" id=\"wpforms-171-field_13\" class=\"wpforms-field-medium wpforms-field-required\" name=\"wpforms[fields][13]\" aria-errormessage=\"wpforms-171-field_13-error\" required><\/div><\/div><\/div><\/div><\/div><div id=\"wpforms-171-field_1-container\" class=\"wpforms-field wpforms-field-email\" data-field-id=\"1\"><label class=\"wpforms-field-label\" for=\"wpforms-171-field_1\">Email <span class=\"wpforms-required-label\" aria-hidden=\"true\">*<\/span><\/label><input type=\"email\" id=\"wpforms-171-field_1\" class=\"wpforms-field-medium wpforms-field-required\" name=\"wpforms[fields][1]\" spellcheck=\"false\" aria-errormessage=\"wpforms-171-field_1-error\" required><\/div><div id=\"wpforms-171-field_9-container\" class=\"wpforms-field wpforms-field-phone\" data-field-id=\"9\"><label class=\"wpforms-field-label\" for=\"wpforms-171-field_9\">T\u00e9l\u00e9phone <span class=\"wpforms-required-label\" aria-hidden=\"true\">*<\/span><\/label><input type=\"tel\" id=\"wpforms-171-field_9\" class=\"wpforms-field-medium wpforms-field-required wpforms-smart-phone-field\" data-rule-smart-phone-field=\"true\" name=\"wpforms[fields][9]\" aria-label=\"T\u00e9l\u00e9phone\" aria-errormessage=\"wpforms-171-field_9-error\" required><\/div><div id=\"wpforms-171-field_14-container\" class=\"wpforms-field wpforms-field-select wpforms-conditional-trigger wpforms-field-select-style-classic\" data-field-id=\"14\"><label class=\"wpforms-field-label\" for=\"wpforms-171-field_14\">Vous \u00eates <span class=\"wpforms-required-label\" aria-hidden=\"true\">*<\/span><\/label><select id=\"wpforms-171-field_14\" class=\"wpforms-field-medium wpforms-field-required\" name=\"wpforms[fields][14]\" required=\"required\"><option value=\"\" class=\"placeholder\" disabled  selected='selected'>--- Select Choice ---<\/option><option value=\"Contact entreprise\"  class=\"choice-1 depth-1\"  >Contact entreprise<\/option><option value=\"Particulier\"  class=\"choice-2 depth-1\"  >Particulier<\/option><\/select><\/div><div id=\"wpforms-171-field_6-container\" class=\"wpforms-field wpforms-field-text wpforms-conditional-field wpforms-conditional-show\" data-field-id=\"6\" style=\"display:none;\"><label class=\"wpforms-field-label\" for=\"wpforms-171-field_6\">Company <span class=\"wpforms-required-label\" aria-hidden=\"true\">*<\/span><\/label><input type=\"text\" id=\"wpforms-171-field_6\" class=\"wpforms-field-medium wpforms-field-required\" name=\"wpforms[fields][6]\" aria-errormessage=\"wpforms-171-field_6-error\" required><\/div><div id=\"wpforms-171-field_15-container\" class=\"wpforms-field wpforms-field-select wpforms-conditional-field wpforms-conditional-show wpforms-field-select-style-classic\" data-field-id=\"15\" style=\"display:none;\"><label class=\"wpforms-field-label\" for=\"wpforms-171-field_15\">Type d&#039;entreprise <span class=\"wpforms-required-label\" aria-hidden=\"true\">*<\/span><\/label><select id=\"wpforms-171-field_15\" class=\"wpforms-field-medium wpforms-field-required\" name=\"wpforms[fields][15]\" required=\"required\"><option value=\"\" class=\"placeholder\" disabled  selected='selected'>--- Select Choice ---<\/option><option value=\"Loueur courte dur\u00e9e\"  class=\"choice-1 depth-1\"  >Loueur courte dur\u00e9e<\/option><option value=\"Loueur longue dur\u00e9e\"  class=\"choice-2 depth-1\"  >Loueur longue dur\u00e9e<\/option><option value=\"Concession automobile\"  class=\"choice-3 depth-1\"  >Concession automobile<\/option><option value=\"Groupe automobile\"  class=\"choice-4 depth-1\"  >Groupe automobile<\/option><option value=\"Plateforme de location\"  class=\"choice-5 depth-1\"  >Plateforme de location<\/option><option value=\"PME\"  class=\"choice-6 depth-1\"  >PME<\/option><option value=\"Assurance\"  class=\"choice-7 depth-1\"  >Assurance<\/option><option value=\"F\u00e9d\u00e9ration\"  class=\"choice-8 depth-1\"  >F\u00e9d\u00e9ration<\/option><option value=\"Grande distribution\"  class=\"choice-9 depth-1\"  >Grande distribution<\/option><option value=\"Centrale d&#039;achat\"  class=\"choice-10 depth-1\"  >Centrale d'achat<\/option><\/select><\/div><div id=\"wpforms-171-field_16-container\" class=\"wpforms-field wpforms-field-checkbox wpforms-conditional-field wpforms-conditional-show\" data-field-id=\"16\" style=\"display:none;\"><fieldset><legend class=\"wpforms-field-label\">Types de v\u00e9hicules <span class=\"wpforms-required-label\" aria-hidden=\"true\">*<\/span><\/legend><ul id=\"wpforms-171-field_16\" class=\"wpforms-field-required\"><li class=\"choice-1 depth-1\"><input type=\"checkbox\" id=\"wpforms-171-field_16_1\" name=\"wpforms[fields][16][]\" value=\"Auto\" aria-errormessage=\"wpforms-171-field_16_1-error\" required ><label class=\"wpforms-field-label-inline\" for=\"wpforms-171-field_16_1\">Auto<\/label><\/li><li class=\"choice-2 depth-1\"><input type=\"checkbox\" id=\"wpforms-171-field_16_2\" name=\"wpforms[fields][16][]\" value=\"Moto\" aria-errormessage=\"wpforms-171-field_16_2-error\" required ><label class=\"wpforms-field-label-inline\" for=\"wpforms-171-field_16_2\">Moto<\/label><\/li><li class=\"choice-3 depth-1\"><input type=\"checkbox\" id=\"wpforms-171-field_16_3\" name=\"wpforms[fields][16][]\" value=\"V\u00e9lo\" aria-errormessage=\"wpforms-171-field_16_3-error\" required ><label class=\"wpforms-field-label-inline\" for=\"wpforms-171-field_16_3\">V\u00e9lo<\/label><\/li><li class=\"choice-4 depth-1\"><input type=\"checkbox\" id=\"wpforms-171-field_16_4\" name=\"wpforms[fields][16][]\" value=\"Engin agricole \/ chantier\" aria-errormessage=\"wpforms-171-field_16_4-error\" required ><label class=\"wpforms-field-label-inline\" for=\"wpforms-171-field_16_4\">Engin agricole \/ chantier<\/label><\/li><\/ul><\/fieldset><\/div><div id=\"wpforms-171-field_17-container\" class=\"wpforms-field wpforms-field-select wpforms-conditional-field wpforms-conditional-show wpforms-conditional-trigger wpforms-field-select-style-classic\" data-field-id=\"17\" style=\"display:none;\"><label class=\"wpforms-field-label\" for=\"wpforms-171-field_17\">Type de v\u00e9hicule<\/label><select id=\"wpforms-171-field_17\" class=\"wpforms-field-medium\" name=\"wpforms[fields][17]\"><option value=\"\" class=\"placeholder\" disabled  selected='selected'>--- Select Choice ---<\/option><option value=\"Voiture\"  class=\"choice-1 depth-1\"  >Voiture<\/option><option value=\"2 roues\"  class=\"choice-2 depth-1\"  >2 roues<\/option><option value=\"V\u00e9lo\"  class=\"choice-5 depth-1\"  >V\u00e9lo<\/option><option value=\"Camping-car\"  class=\"choice-3 depth-1\"  >Camping-car<\/option><option value=\"Autre\"  class=\"choice-4 depth-1\"  >Autre<\/option><\/select><\/div><div id=\"wpforms-171-field_18-container\" class=\"wpforms-field wpforms-field-text wpforms-conditional-field wpforms-conditional-show\" data-field-id=\"18\" style=\"display:none;\"><label class=\"wpforms-field-label\" for=\"wpforms-171-field_18\">Autre v\u00e9hicule ?<\/label><input type=\"text\" id=\"wpforms-171-field_18\" class=\"wpforms-field-medium\" name=\"wpforms[fields][18]\" aria-errormessage=\"wpforms-171-field_18-error\" ><\/div><div id=\"wpforms-171-field_2-container\" class=\"wpforms-field wpforms-field-textarea\" data-field-id=\"2\"><label class=\"wpforms-field-label\" for=\"wpforms-171-field_2\">Message <span class=\"wpforms-required-label\" aria-hidden=\"true\">*<\/span><\/label><textarea id=\"wpforms-171-field_2\" class=\"wpforms-field-medium wpforms-field-required\" name=\"wpforms[fields][2]\" aria-errormessage=\"wpforms-171-field_2-error\" aria-describedby=\"wpforms-171-field_2-description\" required><\/textarea><div id=\"wpforms-171-field_2-description\" class=\"wpforms-field-description\">En envoyant ce formulaire, vous acceptez d\u2019\u00eatre contact\u00e9 par MySmartObject par t\u00e9l\u00e9phone, e-mail ou SMS concernant votre demande. Vous pouvez vous d\u00e9sinscrire \u00e0 tout moment.<\/div><\/div><\/div><!-- .wpforms-field-container --><div class=\"wpforms-recaptcha-container wpforms-is-recaptcha wpforms-is-recaptcha-type-v3\" ><input type=\"hidden\" name=\"wpforms[recaptcha]\" value=\"\"><\/div><div class=\"wpforms-submit-container\" ><input type=\"hidden\" name=\"wpforms[id]\" value=\"171\"><input type=\"hidden\" name=\"page_title\" value=\"\"><input type=\"hidden\" name=\"page_url\" value=\"https:\/\/mysmartobject.com\/en\/wp-json\/wp\/v2\/pages\/8270\"><input type=\"hidden\" name=\"url_referer\" value=\"\"><button type=\"submit\" name=\"wpforms[submit]\" id=\"wpforms-submit-171\" class=\"wpforms-submit\" data-alt-text=\"Sending... See you soon \" data-submit-text=\"Send\" aria-live=\"assertive\" value=\"wpforms-submit\">Send<\/button><img decoding=\"async\" src=\"https:\/\/mysmartobject.com\/wp-content\/plugins\/wpforms\/assets\/images\/submit-spin.svg\" class=\"wpforms-submit-spinner\" style=\"display: none;\" width=\"26\" height=\"26\" alt=\"Loading\"><\/div><\/form><\/div>  <!-- .wpforms-container -->\t\t\t\t<\/div>\n\t\t\t\t<\/div>\n\t\t\t\t\t<\/div>\n\t\t\t\t<\/div>\n\t\t\t\t\t<\/div>\n\t\t\t\t<\/div>\n\t\t\t\t\t<\/div>\n\t\t\t\t<\/div>\n\t\t\t\t<\/div>\n\t\t","protected":false},"excerpt":{"rendered":"<p>Let&#8217;s Work Together Contact us and receive a response within a few hours. Veuillez activer JavaScript dans votre navigateur pour remplir ce formulaire.Veuillez activer JavaScript dans votre navigateur pour remplir ce formulaire.Nom *Soci\u00e9t\u00e9Vous \u00eates une soci\u00e9t\u00e9 ? Merci de renseigner le nom pour que nous puissions vous recontacter dans les plus brefs d\u00e9lais. Je veux [&hellip;]<\/p>\n","protected":false},"author":1,"featured_media":0,"parent":0,"menu_order":14,"comment_status":"closed","ping_status":"closed","template":"","meta":{"_acf_changed":false,"content-type":"","site-sidebar-layout":"no-sidebar","site-content-layout":"","ast-site-content-layout":"full-width-container","site-content-style":"default","site-sidebar-style":"default","ast-global-header-display":"","ast-banner-title-visibility":"","ast-main-header-display":"","ast-hfb-above-header-display":"","ast-hfb-below-header-display":"","ast-hfb-mobile-header-display":"","site-post-title":"disabled","ast-breadcrumbs-content":"","ast-featured-img":"disabled","footer-sml-layout":"","ast-disable-related-posts":"","theme-transparent-header-meta":"","adv-header-id-meta":"","stick-header-meta":"","header-above-stick-meta":"","header-main-stick-meta":"","header-below-stick-meta":"","astra-migrate-meta-layouts":"default","ast-page-background-enabled":"default","ast-page-background-meta":{"desktop":{"background-color":"var(--ast-global-color-4)","background-image":"","background-repeat":"repeat","background-position":"center center","background-size":"auto","background-attachment":"scroll","background-type":"","background-media":"","overlay-type":"","overlay-color":"","overlay-opacity":"","overlay-gradient":""},"tablet":{"background-color":"","background-image":"","background-repeat":"repeat","background-position":"center center","background-size":"auto","background-attachment":"scroll","background-type":"","background-media":"","overlay-type":"","overlay-color":"","overlay-opacity":"","overlay-gradient":""},"mobile":{"background-color":"","background-image":"","background-repeat":"repeat","background-position":"center center","background-size":"auto","background-attachment":"scroll","background-type":"","background-media":"","overlay-type":"","overlay-color":"","overlay-opacity":"","overlay-gradient":""}},"ast-content-background-meta":{"desktop":{"background-color":"var(--ast-global-color-5)","background-image":"","background-repeat":"repeat","background-position":"center center","background-size":"auto","background-attachment":"scroll","background-type":"","background-media":"","overlay-type":"","overlay-color":"","overlay-opacity":"","overlay-gradient":""},"tablet":{"background-color":"var(--ast-global-color-5)","background-image":"","background-repeat":"repeat","background-position":"center center","background-size":"auto","background-attachment":"scroll","background-type":"","background-media":"","overlay-type":"","overlay-color":"","overlay-opacity":"","overlay-gradient":""},"mobile":{"background-color":"var(--ast-global-color-5)","background-image":"","background-repeat":"repeat","background-position":"center center","background-size":"auto","background-attachment":"scroll","background-type":"","background-media":"","overlay-type":"","overlay-color":"","overlay-opacity":"","overlay-gradient":""}},"footnotes":""},"wf_page_folders":[],"class_list":["post-8270","page","type-page","status-publish","hentry"],"acf":[],"yoast_head":"<!-- This site is optimized with the Yoast SEO plugin v27.4 - https:\/\/yoast.com\/product\/yoast-seo-wordpress\/ -->\n<title>Contact Us - MySmartObject<\/title>\n<meta name=\"description\" content=\"Need assistance? Contact MySmartObject via form, email or phone. Responsive, attentive customer service.\" \/>\n<meta name=\"robots\" content=\"index, follow, max-snippet:-1, max-image-preview:large, max-video-preview:-1\" \/>\n<link rel=\"canonical\" href=\"https:\/\/mysmartobject.com\/en\/contactez-nous\/\" \/>\n<meta property=\"og:locale\" content=\"en_US\" \/>\n<meta property=\"og:type\" content=\"article\" \/>\n<meta property=\"og:title\" content=\"Contact Us - MySmartObject\" \/>\n<meta property=\"og:description\" content=\"Need assistance? Contact MySmartObject via form, email or phone. Responsive, attentive customer service.\" \/>\n<meta property=\"og:url\" content=\"https:\/\/mysmartobject.com\/en\/contactez-nous\/\" \/>\n<meta property=\"og:site_name\" content=\"MySmartObject\" \/>\n<meta property=\"article:modified_time\" content=\"2024-02-21T16:50:37+00:00\" \/>\n<meta property=\"og:image\" content=\"https:\/\/mysmartobject.com\/wp-content\/plugins\/wpforms\/assets\/images\/submit-spin.svg\" \/>\n<meta name=\"twitter:card\" content=\"summary_large_image\" \/>\n<meta name=\"twitter:label1\" content=\"Est. reading time\" \/>\n\t<meta name=\"twitter:data1\" content=\"1 minute\" \/>\n<script type=\"application\/ld+json\" class=\"yoast-schema-graph\">{\"@context\":\"https:\\\/\\\/schema.org\",\"@graph\":[{\"@type\":\"WebPage\",\"@id\":\"https:\\\/\\\/mysmartobject.com\\\/en\\\/contactez-nous\\\/\",\"url\":\"https:\\\/\\\/mysmartobject.com\\\/en\\\/contactez-nous\\\/\",\"name\":\"Contact Us - MySmartObject\",\"isPartOf\":{\"@id\":\"https:\\\/\\\/mysmartobject.com\\\/en\\\/#website\"},\"primaryImageOfPage\":{\"@id\":\"https:\\\/\\\/mysmartobject.com\\\/en\\\/contactez-nous\\\/#primaryimage\"},\"image\":{\"@id\":\"https:\\\/\\\/mysmartobject.com\\\/en\\\/contactez-nous\\\/#primaryimage\"},\"thumbnailUrl\":\"https:\\\/\\\/mysmartobject.com\\\/wp-content\\\/plugins\\\/wpforms\\\/assets\\\/images\\\/submit-spin.svg\",\"datePublished\":\"2023-11-21T16:44:05+00:00\",\"dateModified\":\"2024-02-21T16:50:37+00:00\",\"description\":\"Need assistance? Contact MySmartObject via form, email or phone. Responsive, attentive customer service.\",\"breadcrumb\":{\"@id\":\"https:\\\/\\\/mysmartobject.com\\\/en\\\/contactez-nous\\\/#breadcrumb\"},\"inLanguage\":\"en-US\",\"potentialAction\":[{\"@type\":\"ReadAction\",\"target\":[\"https:\\\/\\\/mysmartobject.com\\\/en\\\/contactez-nous\\\/\"]}]},{\"@type\":\"ImageObject\",\"inLanguage\":\"en-US\",\"@id\":\"https:\\\/\\\/mysmartobject.com\\\/en\\\/contactez-nous\\\/#primaryimage\",\"url\":\"https:\\\/\\\/mysmartobject.com\\\/wp-content\\\/plugins\\\/wpforms\\\/assets\\\/images\\\/submit-spin.svg\",\"contentUrl\":\"https:\\\/\\\/mysmartobject.com\\\/wp-content\\\/plugins\\\/wpforms\\\/assets\\\/images\\\/submit-spin.svg\"},{\"@type\":\"BreadcrumbList\",\"@id\":\"https:\\\/\\\/mysmartobject.com\\\/en\\\/contactez-nous\\\/#breadcrumb\",\"itemListElement\":[{\"@type\":\"ListItem\",\"position\":1,\"name\":\"Accueil\",\"item\":\"https:\\\/\\\/mysmartobject.com\\\/en\\\/\"},{\"@type\":\"ListItem\",\"position\":2,\"name\":\"Contact Us\"}]},{\"@type\":\"WebSite\",\"@id\":\"https:\\\/\\\/mysmartobject.com\\\/en\\\/#website\",\"url\":\"https:\\\/\\\/mysmartobject.com\\\/en\\\/\",\"name\":\"MySmartObject\",\"description\":\"Leader en S\u00e9curit\u00e9 et Tra\u00e7abilit\u00e9 V\u00e9hiculaire\",\"publisher\":{\"@id\":\"https:\\\/\\\/mysmartobject.com\\\/en\\\/#organization\"},\"alternateName\":\"MSO\",\"potentialAction\":[{\"@type\":\"SearchAction\",\"target\":{\"@type\":\"EntryPoint\",\"urlTemplate\":\"https:\\\/\\\/mysmartobject.com\\\/en\\\/?s={search_term_string}\"},\"query-input\":{\"@type\":\"PropertyValueSpecification\",\"valueRequired\":true,\"valueName\":\"search_term_string\"}}],\"inLanguage\":\"en-US\"},{\"@type\":\"Organization\",\"@id\":\"https:\\\/\\\/mysmartobject.com\\\/en\\\/#organization\",\"name\":\"MySmartObject\",\"alternateName\":\"MSO\",\"url\":\"https:\\\/\\\/mysmartobject.com\\\/en\\\/\",\"logo\":{\"@type\":\"ImageObject\",\"inLanguage\":\"en-US\",\"@id\":\"https:\\\/\\\/mysmartobject.com\\\/en\\\/#\\\/schema\\\/logo\\\/image\\\/\",\"url\":\"https:\\\/\\\/mysmartobject.com\\\/wp-content\\\/uploads\\\/Logo_MSO_Black_white_bg_300_ppi.png\",\"contentUrl\":\"https:\\\/\\\/mysmartobject.com\\\/wp-content\\\/uploads\\\/Logo_MSO_Black_white_bg_300_ppi.png\",\"width\":301,\"height\":301,\"caption\":\"MySmartObject\"},\"image\":{\"@id\":\"https:\\\/\\\/mysmartobject.com\\\/en\\\/#\\\/schema\\\/logo\\\/image\\\/\"}}]}<\/script>\n<!-- \/ Yoast SEO plugin. -->","yoast_head_json":{"title":"Contact Us - MySmartObject","description":"Need assistance? Contact MySmartObject via form, email or phone. Responsive, attentive customer service.","robots":{"index":"index","follow":"follow","max-snippet":"max-snippet:-1","max-image-preview":"max-image-preview:large","max-video-preview":"max-video-preview:-1"},"canonical":"https:\/\/mysmartobject.com\/en\/contactez-nous\/","og_locale":"en_US","og_type":"article","og_title":"Contact Us - MySmartObject","og_description":"Need assistance? Contact MySmartObject via form, email or phone. Responsive, attentive customer service.","og_url":"https:\/\/mysmartobject.com\/en\/contactez-nous\/","og_site_name":"MySmartObject","article_modified_time":"2024-02-21T16:50:37+00:00","og_image":[{"url":"https:\/\/mysmartobject.com\/wp-content\/plugins\/wpforms\/assets\/images\/submit-spin.svg","type":"","width":"","height":""}],"twitter_card":"summary_large_image","twitter_misc":{"Est. reading time":"1 minute"},"schema":{"@context":"https:\/\/schema.org","@graph":[{"@type":"WebPage","@id":"https:\/\/mysmartobject.com\/en\/contactez-nous\/","url":"https:\/\/mysmartobject.com\/en\/contactez-nous\/","name":"Contact Us - MySmartObject","isPartOf":{"@id":"https:\/\/mysmartobject.com\/en\/#website"},"primaryImageOfPage":{"@id":"https:\/\/mysmartobject.com\/en\/contactez-nous\/#primaryimage"},"image":{"@id":"https:\/\/mysmartobject.com\/en\/contactez-nous\/#primaryimage"},"thumbnailUrl":"https:\/\/mysmartobject.com\/wp-content\/plugins\/wpforms\/assets\/images\/submit-spin.svg","datePublished":"2023-11-21T16:44:05+00:00","dateModified":"2024-02-21T16:50:37+00:00","description":"Need assistance? Contact MySmartObject via form, email or phone. Responsive, attentive customer service.","breadcrumb":{"@id":"https:\/\/mysmartobject.com\/en\/contactez-nous\/#breadcrumb"},"inLanguage":"en-US","potentialAction":[{"@type":"ReadAction","target":["https:\/\/mysmartobject.com\/en\/contactez-nous\/"]}]},{"@type":"ImageObject","inLanguage":"en-US","@id":"https:\/\/mysmartobject.com\/en\/contactez-nous\/#primaryimage","url":"https:\/\/mysmartobject.com\/wp-content\/plugins\/wpforms\/assets\/images\/submit-spin.svg","contentUrl":"https:\/\/mysmartobject.com\/wp-content\/plugins\/wpforms\/assets\/images\/submit-spin.svg"},{"@type":"BreadcrumbList","@id":"https:\/\/mysmartobject.com\/en\/contactez-nous\/#breadcrumb","itemListElement":[{"@type":"ListItem","position":1,"name":"Accueil","item":"https:\/\/mysmartobject.com\/en\/"},{"@type":"ListItem","position":2,"name":"Contact Us"}]},{"@type":"WebSite","@id":"https:\/\/mysmartobject.com\/en\/#website","url":"https:\/\/mysmartobject.com\/en\/","name":"MySmartObject","description":"Leader en S\u00e9curit\u00e9 et Tra\u00e7abilit\u00e9 V\u00e9hiculaire","publisher":{"@id":"https:\/\/mysmartobject.com\/en\/#organization"},"alternateName":"MSO","potentialAction":[{"@type":"SearchAction","target":{"@type":"EntryPoint","urlTemplate":"https:\/\/mysmartobject.com\/en\/?s={search_term_string}"},"query-input":{"@type":"PropertyValueSpecification","valueRequired":true,"valueName":"search_term_string"}}],"inLanguage":"en-US"},{"@type":"Organization","@id":"https:\/\/mysmartobject.com\/en\/#organization","name":"MySmartObject","alternateName":"MSO","url":"https:\/\/mysmartobject.com\/en\/","logo":{"@type":"ImageObject","inLanguage":"en-US","@id":"https:\/\/mysmartobject.com\/en\/#\/schema\/logo\/image\/","url":"https:\/\/mysmartobject.com\/wp-content\/uploads\/Logo_MSO_Black_white_bg_300_ppi.png","contentUrl":"https:\/\/mysmartobject.com\/wp-content\/uploads\/Logo_MSO_Black_white_bg_300_ppi.png","width":301,"height":301,"caption":"MySmartObject"},"image":{"@id":"https:\/\/mysmartobject.com\/en\/#\/schema\/logo\/image\/"}}]}},"_links":{"self":[{"href":"https:\/\/mysmartobject.com\/en\/wp-json\/wp\/v2\/pages\/8270","targetHints":{"allow":["GET"]}}],"collection":[{"href":"https:\/\/mysmartobject.com\/en\/wp-json\/wp\/v2\/pages"}],"about":[{"href":"https:\/\/mysmartobject.com\/en\/wp-json\/wp\/v2\/types\/page"}],"author":[{"embeddable":true,"href":"https:\/\/mysmartobject.com\/en\/wp-json\/wp\/v2\/users\/1"}],"replies":[{"embeddable":true,"href":"https:\/\/mysmartobject.com\/en\/wp-json\/wp\/v2\/comments?post=8270"}],"version-history":[{"count":0,"href":"https:\/\/mysmartobject.com\/en\/wp-json\/wp\/v2\/pages\/8270\/revisions"}],"wp:attachment":[{"href":"https:\/\/mysmartobject.com\/en\/wp-json\/wp\/v2\/media?parent=8270"}],"wp:term":[{"taxonomy":"wf_page_folders","embeddable":true,"href":"https:\/\/mysmartobject.com\/en\/wp-json\/wp\/v2\/wf_page_folders?post=8270"}],"curies":[{"name":"wp","href":"https:\/\/api.w.org\/{rel}","templated":true}]}}